{"id":14,"date":"2018-03-11T23:26:41","date_gmt":"2018-03-11T14:26:41","guid":{"rendered":"http:\/\/cashiya.net\/kishikenkou\/?page_id=14"},"modified":"2023-06-04T15:58:34","modified_gmt":"2023-06-04T06:58:34","slug":"about","status":"publish","type":"page","link":"https:\/\/cashiya.net\/kishikenkou\/about\/","title":{"rendered":"\u4f1a\u793e\u6982\u8981"},"content":{"rendered":"\t\t<div data-elementor-type=\"wp-page\" data-elementor-id=\"14\" class=\"elementor elementor-14\">\n\t\t\t\t\t\t\t<div class=\"elementor-element elementor-element-6c0e59b e-con-boxed e-flex e-con\" data-id=\"6c0e59b\" data-element_type=\"container\" data-settings=\"{&quot;content_width&quot;:&quot;boxed&quot;}\">\n\t\t\t\t\t<div class=\"e-con-inner\">\n\t\t\t\t<div class=\"elementor-element elementor-element-623182c elementor-widget elementor-widget-image\" data-id=\"623182c\" data-element_type=\"widget\" data-widget_type=\"image.default\">\n\t\t\t\t<div class=\"elementor-widget-container\">\n\t\t\t<style>\/*! elementor - v3.13.3 - 28-05-2023 *\/\n.elementor-widget-image{text-align:center}.elementor-widget-image a{display:inline-block}.elementor-widget-image a img[src$=\".svg\"]{width:48px}.elementor-widget-image img{vertical-align:middle;display:inline-block}<\/style>\t\t\t\t\t\t\t\t\t\t\t\t<img decoding=\"async\" width=\"800\" height=\"212\" src=\"https:\/\/cashiya.net\/kishikenkou\/wp-content\/uploads\/91cd9927cebd87d8fa56d313fd294c82.png\" class=\"attachment-large size-large wp-image-406\" alt=\"\" loading=\"lazy\" srcset=\"https:\/\/cashiya.net\/kishikenkou\/wp-content\/uploads\/91cd9927cebd87d8fa56d313fd294c82.png 851w, https:\/\/cashiya.net\/kishikenkou\/wp-content\/uploads\/91cd9927cebd87d8fa56d313fd294c82-600x159.png 600w, https:\/\/cashiya.net\/kishikenkou\/wp-content\/uploads\/91cd9927cebd87d8fa56d313fd294c82-768x203.png 768w\" sizes=\"(max-width: 800px) 100vw, 800px\" \/>\t\t\t\t\t\t\t\t\t\t\t\t\t\t\t<\/div>\n\t\t\t\t<\/div>\n\t\t\t\t\t<\/div>\n\t\t\t\t<\/div>\n\t\t<div class=\"elementor-element elementor-element-bda993e e-con-boxed e-flex e-con\" data-id=\"bda993e\" data-element_type=\"container\" data-settings=\"{&quot;content_width&quot;:&quot;boxed&quot;}\">\n\t\t\t\t\t<div class=\"e-con-inner\">\n\t\t\t\t<div class=\"elementor-element elementor-element-3620dc3 elementor-widget elementor-widget-text-editor\" data-id=\"3620dc3\" data-element_type=\"widget\" data-widget_type=\"text-editor.default\">\n\t\t\t\t<div class=\"elementor-widget-container\">\n\t\t\t<style>\/*! elementor - v3.13.3 - 28-05-2023 *\/\n.elementor-widget-text-editor.elementor-drop-cap-view-stacked .elementor-drop-cap{background-color:#69727d;color:#fff}.elementor-widget-text-editor.elementor-drop-cap-view-framed .elementor-drop-cap{color:#69727d;border:3px solid;background-color:transparent}.elementor-widget-text-editor:not(.elementor-drop-cap-view-default) .elementor-drop-cap{margin-top:8px}.elementor-widget-text-editor:not(.elementor-drop-cap-view-default) .elementor-drop-cap-letter{width:1em;height:1em}.elementor-widget-text-editor .elementor-drop-cap{float:left;text-align:center;line-height:1;font-size:50px}.elementor-widget-text-editor .elementor-drop-cap-letter{display:inline-block}<\/style>\t\t\t\t<p>\u00a0<\/p><table style=\"margin: 0px; padding: 0px; color: #000000; font-family: '\u00a5\u00d2\u00a5\u00e9\u00a5\u00ae\u00a5\u00ce\u00c3\u00f7\u00b3\u00af Pro W3', 'Hiragino Mincho Pro', '\u00a3\u00cd\u00a3\u00d3 \u00a3\u00d0\u00c3\u00f7\u00b3\u00af', 'MS PMincho', serif; font-size: medium;\"><tbody style=\"margin: 0px; padding: 0px;\"><tr style=\"margin: 0px; padding: 0px;\"><td class=\"left\" style=\"margin: 0px; padding: 0px; width: 100px;\">\u793e\u3000\u3000\u540d<\/td><td class=\"right\" style=\"margin: 0px; padding: 0px;\">\u5cb8\u5efa\u5de5\u682a\u5f0f\u4f1a\u793e<\/td><\/tr><tr style=\"margin: 0px; padding: 0px;\"><td class=\"left\" style=\"margin: 0px; padding: 0px; width: 100px;\">\u5275\u3000\u3000\u696d<\/td><td class=\"right\" style=\"margin: 0px; padding: 0px;\">\u662d\u548c45\u5e743\u67081\u65e5<\/td><\/tr><tr style=\"margin: 0px; padding: 0px;\"><td class=\"left\" style=\"margin: 0px; padding: 0px; width: 100px;\">\u6cd5\u4eba\u8a2d\u7acb<\/td><td class=\"right\" style=\"margin: 0px; padding: 0px;\">\u662d\u548c47\u5e7412\u670820\u65e5<\/td><\/tr><tr style=\"margin: 0px; padding: 0px;\"><td class=\"left three\" style=\"margin: 0px; padding: 0px; width: 100px; letter-spacing: 8px;\">\u4ee3\u8868\u8005<\/td><td class=\"right\" style=\"margin: 0px; padding: 0px;\">\u4ee3\u8868\u53d6\u7de0\u5f79\u3000\u5cb8\u3000\u5e78\u5f66<\/td><\/tr><tr style=\"margin: 0px; padding: 0px;\"><td class=\"left three\" style=\"margin: 0px; padding: 0px; width: 100px; letter-spacing: 8px;\">\u8cc7\u672c\u91d1<\/td><td class=\"right\" style=\"margin: 0px; padding: 0px;\">2,000\u4e07\u5186<\/td><\/tr><tr style=\"margin: 0px; padding: 0px;\"><td class=\"left three\" style=\"margin: 0px; padding: 0px; width: 100px; letter-spacing: 8px;\">\u5f93\u696d\u54e1<\/td><td class=\"right\" style=\"margin: 0px; padding: 0px;\">20\u540d<\/td><\/tr><tr style=\"margin: 0px; padding: 0px;\"><td class=\"left\" style=\"margin: 0px; padding: 0px; width: 100px;\">\u696d\u52d9\u5185\u5bb9<\/td><td class=\"right\" style=\"margin: 0px; padding: 0px;\">\u7dcf\u5408\u5efa\u7bc9\u8acb\u8ca0\u3001\u5efa\u7bc9\u30fb\u571f\u6728\u306e\u4f01\u753b\u30fb\u8a2d\u8a08\u65bd\u5de5 \u6ce8\u6587\u4f4f\u5b85\u306e\u8a2d\u8a08\u30fb\u65bd\u5de5\u3001\u5206\u8b72\u4f4f\u5b85\u306e\u8a2d\u8a08\u30fb\u65bd\u5de5\u306a\u3089\u3073\u306b\u8ca9\u58f2\u3001\u4e0d\u52d5\u7523\u5168\u822c<\/td><\/tr><tr style=\"margin: 0px; padding: 0px;\"><td class=\"left\" style=\"margin: 0px; padding: 0px; width: 100px;\">\u514d\u3000\u3000\u8a31<\/td><td class=\"right\" style=\"margin: 0px; padding: 0px;\">\u5efa\u8a2d\u696d\u8a31\u53ef\u756a\u53f7\u3000\u5175\u5eab\u770c\u77e5\u4e8b(\u7279-4)\u7b2c460608\u53f7 \u5b85\u5730\u5efa\u7269\u53d6\u5f15\u696d \u5175\u5eab\u770c\u77e5\u4e8b(1)\u7b2c451405\u53f7<\/td><\/tr><\/tbody><\/table>\t\t\t\t\t\t<\/div>\n\t\t\t\t<\/div>\n\t\t\t\t\t<\/div>\n\t\t\t\t<\/div>\n\t\t<div class=\"elementor-element elementor-element-d39ab73 e-con-boxed e-flex e-con\" data-id=\"d39ab73\" data-element_type=\"container\" data-settings=\"{&quot;content_width&quot;:&quot;boxed&quot;}\">\n\t\t\t\t\t<div class=\"e-con-inner\">\n\t\t\t\t<div class=\"elementor-element elementor-element-d0d9e6e elementor-widget elementor-widget-image\" data-id=\"d0d9e6e\" data-element_type=\"widget\" data-widget_type=\"image.default\">\n\t\t\t\t<div class=\"elementor-widget-container\">\n\t\t\t\t\t\t\t\t\t\t\t\t\t\t\t<img decoding=\"async\" width=\"450\" height=\"275\" src=\"https:\/\/cashiya.net\/kishikenkou\/wp-content\/uploads\/13adbe58ef1e4da20b306093321f6a1e.jpg\" class=\"attachment-large size-large wp-image-407\" alt=\"\" loading=\"lazy\" \/>\t\t\t\t\t\t\t\t\t\t\t\t\t\t\t<\/div>\n\t\t\t\t<\/div>\n\t\t\t\t\t<\/div>\n\t\t\t\t<\/div>\n\t\t\t\t\t\t\t<\/div>\n\t\t","protected":false},"excerpt":{"rendered":"<p>\u00a0 \u793e\u3000\u3000\u540d \u5cb8\u5efa\u5de5\u682a\u5f0f\u4f1a\u793e \u5275\u3000\u3000\u696d \u662d\u548c45\u5e743\u67081\u65e5 \u6cd5\u4eba\u8a2d\u7acb \u662d\u548c47\u5e7412\u670820\u65e5 \u4ee3\u8868\u8005 \u4ee3\u8868\u53d6\u7de0\u5f79\u3000\u5cb8\u3000\u5e78\u5f66 \u8cc7\u672c\u91d1 2,000\u4e07\u5186 \u5f93\u696d\u54e1 20\u540d \u696d\u52d9\u5185\u5bb9 \u7dcf\u5408\u5efa\u7bc9\u8acb\u8ca0\u3001\u5efa\u7bc9\u30fb\u571f\u6728\u306e\u4f01\u753b\u30fb\u8a2d\u8a08\u65bd\u5de5 \u6ce8\u6587 [&hellip;]<\/p>\n","protected":false},"author":1,"featured_media":0,"parent":0,"menu_order":2,"comment_status":"closed","ping_status":"closed","template":"","meta":{"_eb_attr":"","_mi_skip_tracking":false,"_exactmetrics_sitenote_active":false,"_exactmetrics_sitenote_note":"","_exactmetrics_sitenote_category":0},"acf":[],"_links":{"self":[{"href":"https:\/\/cashiya.net\/kishikenkou\/wp-json\/wp\/v2\/pages\/14"}],"collection":[{"href":"https:\/\/cashiya.net\/kishikenkou\/wp-json\/wp\/v2\/pages"}],"about":[{"href":"https:\/\/cashiya.net\/kishikenkou\/wp-json\/wp\/v2\/types\/page"}],"author":[{"embeddable":true,"href":"https:\/\/cashiya.net\/kishikenkou\/wp-json\/wp\/v2\/users\/1"}],"replies":[{"embeddable":true,"href":"https:\/\/cashiya.net\/kishikenkou\/wp-json\/wp\/v2\/comments?post=14"}],"version-history":[{"count":11,"href":"https:\/\/cashiya.net\/kishikenkou\/wp-json\/wp\/v2\/pages\/14\/revisions"}],"predecessor-version":[{"id":420,"href":"https:\/\/cashiya.net\/kishikenkou\/wp-json\/wp\/v2\/pages\/14\/revisions\/420"}],"wp:attachment":[{"href":"https:\/\/cashiya.net\/kishikenkou\/wp-json\/wp\/v2\/media?parent=14"}],"curies":[{"name":"wp","href":"https:\/\/api.w.org\/{rel}","templated":true}]}}